{"id":794,"date":"2020-06-22T00:48:59","date_gmt":"2020-06-22T00:48:59","guid":{"rendered":"https:\/\/clinicapinhaisdafoz.com\/?page_id=794"},"modified":"2020-06-22T03:49:23","modified_gmt":"2020-06-22T03:49:23","slug":"equipa","status":"publish","type":"page","link":"https:\/\/clinicapinhaisdafoz.com\/?page_id=794","title":{"rendered":"Equipa"},"content":{"rendered":"<h1>Em Manuten\u00e7\u00e3o.<\/h1>\n<div>\n<p>Esperamos atualizar a informa\u00e7\u00e3o desta p\u00e1gina o mais r\u00e1pidamente poss\u00edvel.<\/p>\n<p>Obrigado pela sua compreens\u00e3o.<\/p>\n<\/div>\n<p><!-- {\"type\":\"layout\",\"children\":[{\"type\":\"section\",\"props\":{\"style\":\"muted\",\"width\":\"default\",\"vertical_align\":\"middle\",\"title_position\":\"top-left\",\"title_rotation\":\"left\",\"title_breakpoint\":\"xl\",\"image_position\":\"center-center\",\"title\":\"Manuten\\u00e7\\u00e3o\",\"image\":\"wp-content\\\/uploads\\\/2020\\\/06\\\/manutencao-e1592797589392.png\"},\"children\":[{\"type\":\"row\",\"children\":[{\"type\":\"column\",\"props\":{\"image_position\":\"center-center\",\"media_overlay_gradient\":\"\",\"width_medium\":\"1-3\"},\"children\":[{\"type\":\"headline\",\"props\":{\"title_element\":\"h1\",\"content\":\"Em Manuten\\u00e7\\u00e3o.\"}},{\"type\":\"text\",\"props\":{\"margin\":\"default\",\"column_breakpoint\":\"m\",\"content\":\"\n\n<p>Esperamos atualizar a informa\\u00e7\\u00e3o desta p\\u00e1gina o mais r\\u00e1pidamente poss\\u00edvel.<\\\/p>\\n\n\n<p>Obrigado pela sua compreens\\u00e3o.<\\\/p>\"}}]},{\"type\":\"column\",\"props\":{\"image_position\":\"center-center\",\"media_overlay_gradient\":\"\",\"width_medium\":\"2-3\"},\"children\":[]}],\"props\":{\"layout\":\"1-3,2-3\"}}],\"name\":\"Em Manuten\\u00e7\\u00e3o\"}],\"version\":\"2.1.1\"} --><\/p>\n","protected":false},"excerpt":{"rendered":"<p>Em Manuten\u00e7\u00e3o. Esperamos atualizar a informa\u00e7\u00e3o desta p\u00e1gina o mais r\u00e1pidamente poss\u00edvel. Obrigado pela sua compreens\u00e3o.<\/p>\n","protected":false},"author":1,"featured_media":0,"parent":0,"menu_order":0,"comment_status":"closed","ping_status":"closed","template":"","meta":{"footnotes":""},"_links":{"self":[{"href":"https:\/\/clinicapinhaisdafoz.com\/index.php?rest_route=\/wp\/v2\/pages\/794"}],"collection":[{"href":"https:\/\/clinicapinhaisdafoz.com\/index.php?rest_route=\/wp\/v2\/pages"}],"about":[{"href":"https:\/\/clinicapinhaisdafoz.com\/index.php?rest_route=\/wp\/v2\/types\/page"}],"author":[{"embeddable":true,"href":"https:\/\/clinicapinhaisdafoz.com\/index.php?rest_route=\/wp\/v2\/users\/1"}],"replies":[{"embeddable":true,"href":"https:\/\/clinicapinhaisdafoz.com\/index.php?rest_route=%2Fwp%2Fv2%2Fcomments&post=794"}],"version-history":[{"count":3,"href":"https:\/\/clinicapinhaisdafoz.com\/index.php?rest_route=\/wp\/v2\/pages\/794\/revisions"}],"predecessor-version":[{"id":990,"href":"https:\/\/clinicapinhaisdafoz.com\/index.php?rest_route=\/wp\/v2\/pages\/794\/revisions\/990"}],"wp:attachment":[{"href":"https:\/\/clinicapinhaisdafoz.com\/index.php?rest_route=%2Fwp%2Fv2%2Fmedia&parent=794"}],"curies":[{"name":"wp","href":"https:\/\/api.w.org\/{rel}","templated":true}]}}