{"id":753,"date":"2020-06-22T00:15:10","date_gmt":"2020-06-22T00:15:10","guid":{"rendered":"https:\/\/clinicapinhaisdafoz.com\/?page_id=753"},"modified":"2020-06-22T07:20:40","modified_gmt":"2020-06-22T07:20:40","slug":"especialidades","status":"publish","type":"page","link":"https:\/\/clinicapinhaisdafoz.com\/?page_id=753","title":{"rendered":"Higiene Oral"},"content":{"rendered":"<h1>Branqueamento<\/h1>\n<div>\n<p>Estudos revelam que 50% dos pacientes atingem cor B1 ( tom mais claro de escala Vita ) ou melhor em apenas 45 minutos.<\/p>\n<p>Com o Zoom AP Plus conseguiu-se em 44% dos casos melhores resultados do que com os sistemas tradicionais de moldeira ( mesmo ap\u00f3s 30 dias de utiliza\u00e7\u00e3o ).<\/p>\n<\/div>\n<div>\n<hr class=\"uk-divider-icon\">\n<\/div>\n<ul>\n<li>\n<h3>Quais os resultados do branqueamento?<\/h3>\n<div>\n<p>Os estudos efectuados indicam que o branqueamento \u00e9 em m\u00e9dia 9,3 n\u00edveis de cor. Os resultados variam de pessoa para pessoa. uma vez que os dentes reagem de maneira distinta ao tratamento, mas em todos os casos, as altera\u00e7\u00f5es s\u00e3o bastantes signi\ufb01cativas. O objectivo deste tratamento \u00e9 alcan\u00e7ar a brancura natural dos dentes e n\u00e3o mais do que isso. Durante a consulta, o medico indicar\u00e1 qual a expectativa de branqueamento em cada caso particular. Mesmo os dentes muito escuros podem ser branqueados na maior parte dos casos com excelentes resultados. no entanto, os casos mais dif\u00edceis podem requerer branqueamento mais prolongado.<\/p>\n<\/div>\n<\/li>\n<li>\n<h3>Quanto tempo dura o branqueamento?<\/h3>\n<div>\n<p>Os resultados a longo prazo depende da pr\u00f3pria pessoa.\u00a0Determinados factores, como o consumo de tabaco, caf\u00e9, ch\u00e1,\u00a0bebidas com g\u00e1s escuras e o facto de n\u00e3o efectuar higieniza\u00e7\u00f5es\u00a0regulamente. etc., podem ser um factor prejudicial \u00e0 manuten\u00e7\u00e3o dos\u00a0resultados. Uma boa higiene oral \u00e9 a melhor garantia. O\u00a0branqueamento Zoom AP tem uma durabilidade de cerca de 3 anos\u00a0ou at\u00e9 mais tempo, sendo certo que as maiores condicionantes s\u00e3o as\u00a0pessoais como a dieta alimentar e a higiene oral. Algumas pessoas\u00a0optam por efectuar o branqueamento Zoom AP com alguma\u00a0frequ\u00eancia.<\/p>\n<\/div>\n<\/li>\n<li>\n<h3>Como \u00e9 feito o branqueamento?<\/h3>\n<div>\n<p>Come\u00e7a por uma consulta com um M\u00e9dico Dentista, em que os seus dentes e gengivas s\u00e3o examinados para assegurar de que pode fazer o branqueamento e todas as suas d\u00favidas s\u00e3o respondidas. Por \ufb01m, s\u00f3 tem de sentar-se e relaxar, ouvir m\u00fasica, descansar. enquanto a nossa luz azul e o nosso gel branqueiam dando brilho aos seus dentes at\u00e9 alcan\u00e7arem a sua brancura natural maxima em aproximadamente uma hora.<\/p>\n<\/div>\n<\/li>\n<li>\n<h3>\u00c9 seguro?<\/h3>\n<div>\n<p>Estudos cl\u00ednicos comprovam que o procedimento \u00e9 seguro e eficaz. O\u00a0branqueamento Zoom AP n\u00e3o provoca mudan\u00e7as estruturais nos\u00a0dentes, n\u00e3o afecta o estado das restaura\u00e7\u00f5es dent\u00e1rias, nem\u00a0deteriora o esmalte. O gel Zoom possui um pH equilibrado que n\u00e3o\u00a0prejudica as gengivas e n\u00e3o sendo ingerido, n\u00e3o apresenta outros\u00a0riscos, nem efeitos secund\u00e1rios. O gel Zoom AP utilizado nos\u00a0branqueamentos cont\u00e9m uma quantidade de per\u00f3xido de hidrog\u00e9nio\u00a0(25%), muito mais baixo do que 0 utilizado por muitos sistemas de\u00a0branqueamento existentes (entre 35% a 50%), o que garanta uma\u00a0ainda maior, seguran\u00e7a dos seus dentes e gengivas.<\/p>\n<\/div>\n<\/li>\n<li>\n<h3>Provoca dor?<\/h3>\n<div>\n<p>Em regra, os pacientes n\u00e3o sentem qualquer dor, nem sensibilidade dent\u00e1ria durante o branqueamento Zoom AP. Excepcionalmente, poder\u00e1 existir um pequeno n\u00famero de pacientes que ter\u00e3o sensibilidade dent\u00e1ria, durante o branqueamento e nas 24 horas posteriores. Normalmente, um analg\u00e9sico comum ser\u00e1 suficiente para acalmar essa sensa\u00e7\u00e3o, no entanto durante esse per\u00edodo de tempo, dever\u00e1 evitar o consumo de bebidas quentes ou frias. No caso de ter sensibilidade dent\u00e1ria e pretender efectuar o branqueamento, avise previamente o M\u00e9dico Dentista para que este. mediante o protocolo cl\u00ednico evite branquear essas zonas.<\/p>\n<\/div>\n<\/li>\n<li>\n<h3>Todas as pessoas podem fazer este branqueamento?<\/h3>\n<div>\n<p>Qualquer pessoa poder\u00e1 branquear os seus dentes e beneficiar dos resultados de um Zoom AP. inclusivamente aquelas que tem os\u00a0dentes mais escuros e que tem manchas provocadas por determinados alimentos, caf\u00e9, tabaco ou tetraciclina. Depois de um exame realizado por M\u00e9dico Dentista. pode ser determinado se pode ou n\u00e3o efectuar o branqueamento. Se o nosso especialista descobrir alguma raz\u00e3o para n\u00e3o recomendar o branqueamento dever\u00e1 ser reencaminhado para o seu M\u00e9dico Dentista.<\/p>\n<\/div>\n<\/li>\n<li>\n<h3>Este tratamento branqueia tamb\u00e9m coroas, facetas, comp\u00f3sito etc.?<\/h3>\n<div>\n<p>O branqueamento Zoom AP poder\u00e1 eliminar algumas manchas neste\u00a0tipo de materiais. No entanto, o branqueamento n\u00e3o altera a cor original destes materiais.<\/p>\n<\/div>\n<\/li>\n<li>\n<div>\n<p>N\u00e3o se conhecem contra-indica\u00e7\u00f5es nas mulheres gr\u00e1vidas, de\u00a0qualquer forma, dever\u00e3o efectuar o branqueamento apenas depois do\u00a0parto.<\/p>\n<\/div>\n<\/li>\n<\/ul>\n<h1>Tecnologia Zoom Advanced Power Plus<\/h1>\n<div>\n<p>O Zoom AP Plus \u00e9 o sistema de branqueamento laser de consult\u00f3rio mais avan\u00e7ado de sempre.<\/p>\n<p>Zoom AP Plus oferece aos pacieentes a mais recente tecnologia de branqueamento laser.<\/p>\n<\/div>\n<h1>Fa\u00e7a j\u00e1 a sua marca\u00e7\u00e3o<\/h1>\n<div>\n<hr class=\"uk-divider-icon\">\n<\/div>\n<div>\n<p>Volte a ficar com um sorriso mais luminoso em apenas 1 hora\u00b9.<\/p>\n<\/div>\n<p>\n    <a href=\"\/index.php?page_id=665\">Marcar Consulta<\/a>\n<\/p>\n<div>\n<h6>\u00b9 Excluindo o tempo de prepara\u00e7\u00e3o<br \/>\u00b2 Em compara\u00e7\u00e3o com l\u00edderes da concorr\u00eancia n\u00e3o baseados em luz<\/h6>\n<\/div>\n<p><!-- {\"type\":\"layout\",\"children\":[{\"type\":\"section\",\"props\":{\"style\":\"default\",\"width\":\"\",\"vertical_align\":\"\",\"title_position\":\"top-left\",\"title_rotation\":\"left\",\"title_breakpoint\":\"xl\",\"image_position\":\"bottom-right\",\"image\":\"wp-content\\\/uploads\\\/2020\\\/06\\\/menina.jpg\",\"height\":\"percent\",\"padding_remove_top\":true,\"padding_remove_bottom\":true,\"padding_remove_horizontal\":true,\"overlap\":false,\"image_size\":\"cover\",\"image_effect\":\"parallax\",\"image_parallax_bgx_start\":\"0\",\"image_parallax_bgy_end\":\"-200\",\"image_parallax_bgx_end\":\"0\",\"media_blend_mode\":\"luminosity\",\"media_overlay\":\"rgba(159, 224, 215, 0.19)\"},\"children\":[{\"type\":\"row\",\"children\":[{\"type\":\"column\",\"props\":{\"image_position\":\"center-center\",\"media_overlay_gradient\":\"\",\"width_medium\":\"3-5\"},\"children\":[]},{\"type\":\"column\",\"props\":{\"image_position\":\"center-center\",\"media_overlay_gradient\":\"\",\"width_medium\":\"2-5\"},\"children\":[]}],\"props\":{\"layout\":\"3-5,2-5\"}}]},{\"type\":\"section\",\"props\":{\"style\":\"default\",\"width\":\"default\",\"vertical_align\":\"middle\",\"title_position\":\"top-left\",\"title_rotation\":\"left\",\"title_breakpoint\":\"xl\",\"image_position\":\"center-center\"},\"children\":[{\"type\":\"row\",\"children\":[{\"type\":\"column\",\"props\":{\"image_position\":\"center-center\",\"media_overlay_gradient\":\"\",\"width_medium\":\"2-3\"},\"children\":[{\"type\":\"headline\",\"props\":{\"title_element\":\"h1\",\"content\":\"Branqueamento\"}},{\"type\":\"text\",\"props\":{\"margin\":\"default\",\"column_breakpoint\":\"m\",\"content\":\"\n\n<p>Estudos revelam que 50% dos pacientes atingem cor B1 ( tom mais claro de escala Vita ) ou melhor em apenas 45 minutos.<\\\/p>\\n\n\n<p>Com o Zoom AP Plus conseguiu-se em 44% dos casos melhores resultados do que com os sistemas tradicionais de moldeira ( mesmo ap\\u00f3s 30 dias de utiliza\\u00e7\\u00e3o ).<\\\/p>\"}},{\"type\":\"html\",\"props\":{\"content\":\"\n\n<hr class=\\\"uk-divider-icon\\\">\"},\"name\":\"Devis\\u00e3o\"},{\"type\":\"accordion\",\"props\":{\"show_image\":true,\"show_link\":true,\"collapsible\":true,\"content_column_breakpoint\":\"m\",\"image_svg_color\":\"emphasis\",\"image_align\":\"top\",\"image_grid_width\":\"1-2\",\"image_grid_breakpoint\":\"m\",\"link_text\":\"Read more\",\"link_style\":\"default\",\"multiple\":false,\"content_dropcap\":true,\"content_column\":\"\",\"content_margin\":\"small\",\"link_target\":false,\"link_size\":\"small\"},\"children\":[{\"type\":\"accordion_item\",\"props\":{\"title\":\"Quais os resultados do branqueamento?\",\"content\":\"\n\n<p>Os estudos efectuados indicam que o branqueamento \\u00e9 em m\\u00e9dia 9,3 n\\u00edveis de cor. Os resultados variam de pessoa para pessoa. uma vez que os dentes reagem de maneira distinta ao tratamento, mas em todos os casos, as altera\\u00e7\\u00f5es s\\u00e3o bastantes signi\\ufb01cativas. O objectivo deste tratamento \\u00e9 alcan\\u00e7ar a brancura natural dos dentes e n\\u00e3o mais do que isso. Durante a consulta, o medico indicar\\u00e1 qual a expectativa de branqueamento em cada caso particular. Mesmo os dentes muito escuros podem ser branqueados na maior parte dos casos com excelentes resultados. no entanto, os casos mais dif\\u00edceis podem requerer branqueamento mais prolongado.<\\\/p>\"}},{\"type\":\"accordion_item\",\"props\":{\"title\":\"Quanto tempo dura o branqueamento?\",\"content\":\"\n\n<p>Os resultados a longo prazo depende da pr\\u00f3pria pessoa.\\u00a0Determinados factores, como o consumo de tabaco, caf\\u00e9, ch\\u00e1,\\u00a0bebidas com g\\u00e1s escuras e o facto de n\\u00e3o efectuar higieniza\\u00e7\\u00f5es\\u00a0regulamente. etc., podem ser um factor prejudicial \\u00e0 manuten\\u00e7\\u00e3o dos\\u00a0resultados. Uma boa higiene oral \\u00e9 a melhor garantia. O\\u00a0branqueamento Zoom AP tem uma durabilidade de cerca de 3 anos\\u00a0ou at\\u00e9 mais tempo, sendo certo que as maiores condicionantes s\\u00e3o as\\u00a0pessoais como a dieta alimentar e a higiene oral. Algumas pessoas\\u00a0optam por efectuar o branqueamento Zoom AP com alguma\\u00a0frequ\\u00eancia.<\\\/p>\"}},{\"type\":\"accordion_item\",\"props\":{\"content\":\"\n\n<p>Come\\u00e7a por uma consulta com um M\\u00e9dico Dentista, em que os seus dentes e gengivas s\\u00e3o examinados para assegurar de que pode fazer o branqueamento e todas as suas d\\u00favidas s\\u00e3o respondidas. Por \\ufb01m, s\\u00f3 tem de sentar-se e relaxar, ouvir m\\u00fasica, descansar. enquanto a nossa luz azul e o nosso gel branqueiam dando brilho aos seus dentes at\\u00e9 alcan\\u00e7arem a sua brancura natural maxima em aproximadamente uma hora.<\\\/p>\",\"title\":\"Como \\u00e9 feito o branqueamento?\"}},{\"type\":\"accordion_item\",\"props\":{\"title\":\"\\u00c9 seguro?\",\"content\":\"\n\n<p>Estudos cl\\u00ednicos comprovam que o procedimento \\u00e9 seguro e eficaz. O\\u00a0branqueamento Zoom AP n\\u00e3o provoca mudan\\u00e7as estruturais nos\\u00a0dentes, n\\u00e3o afecta o estado das restaura\\u00e7\\u00f5es dent\\u00e1rias, nem\\u00a0deteriora o esmalte. O gel Zoom possui um pH equilibrado que n\\u00e3o\\u00a0prejudica as gengivas e n\\u00e3o sendo ingerido, n\\u00e3o apresenta outros\\u00a0riscos, nem efeitos secund\\u00e1rios. O gel Zoom AP utilizado nos\\u00a0branqueamentos cont\\u00e9m uma quantidade de per\\u00f3xido de hidrog\\u00e9nio\\u00a0(25%), muito mais baixo do que 0 utilizado por muitos sistemas de\\u00a0branqueamento existentes (entre 35% a 50%), o que garanta uma\\u00a0ainda maior, seguran\\u00e7a dos seus dentes e gengivas.<\\\/p>\"}},{\"type\":\"accordion_item\",\"props\":{\"title\":\"Provoca dor?\",\"content\":\"\n\n<p>Em regra, os pacientes n\\u00e3o sentem qualquer dor, nem sensibilidade dent\\u00e1ria durante o branqueamento Zoom AP. Excepcionalmente, poder\\u00e1 existir um pequeno n\\u00famero de pacientes que ter\\u00e3o sensibilidade dent\\u00e1ria, durante o branqueamento e nas 24 horas posteriores. Normalmente, um analg\\u00e9sico comum ser\\u00e1 suficiente para acalmar essa sensa\\u00e7\\u00e3o, no entanto durante esse per\\u00edodo de tempo, dever\\u00e1 evitar o consumo de bebidas quentes ou frias. No caso de ter sensibilidade dent\\u00e1ria e pretender efectuar o branqueamento, avise previamente o M\\u00e9dico Dentista para que este. mediante o protocolo cl\\u00ednico evite branquear essas zonas.<\\\/p>\"}},{\"type\":\"accordion_item\",\"props\":{\"title\":\"Todas as pessoas podem fazer este branqueamento?\",\"content\":\"\n\n<p>Qualquer pessoa poder\\u00e1 branquear os seus dentes e beneficiar dos resultados de um Zoom AP. inclusivamente aquelas que tem os\\u00a0dentes mais escuros e que tem manchas provocadas por determinados alimentos, caf\\u00e9, tabaco ou tetraciclina. Depois de um exame realizado por M\\u00e9dico Dentista. pode ser determinado se pode ou n\\u00e3o efectuar o branqueamento. Se o nosso especialista descobrir alguma raz\\u00e3o para n\\u00e3o recomendar o branqueamento dever\\u00e1 ser reencaminhado para o seu M\\u00e9dico Dentista.<\\\/p>\"}},{\"type\":\"accordion_item\",\"props\":{\"title\":\"Este tratamento branqueia tamb\\u00e9m coroas, facetas, comp\\u00f3sito etc.?\",\"content\":\"\n\n<p>O branqueamento Zoom AP poder\\u00e1 eliminar algumas manchas neste\\u00a0tipo de materiais. No entanto, o branqueamento n\\u00e3o altera a cor original destes materiais.<\\\/p>\"}},{\"type\":\"accordion_item\",\"props\":{\"content\":\"\n\n<p>N\\u00e3o se conhecem contra-indica\\u00e7\\u00f5es nas mulheres gr\\u00e1vidas, de\\u00a0qualquer forma, dever\\u00e3o efectuar o branqueamento apenas depois do\\u00a0parto.<\\\/p>\"}}]}]},{\"type\":\"column\",\"props\":{\"image_position\":\"center-center\",\"media_overlay_gradient\":\"\",\"width_medium\":\"1-3\"},\"children\":[]}],\"props\":{\"layout\":\"2-3,1-3\"}}]},{\"type\":\"section\",\"props\":{\"style\":\"muted\",\"width\":\"default\",\"vertical_align\":\"middle\",\"title_position\":\"top-left\",\"title_rotation\":\"left\",\"title_breakpoint\":\"xl\",\"image_position\":\"center-center\"},\"children\":[{\"type\":\"row\",\"props\":{\"layout\":\"1-3,2-3\"},\"children\":[{\"type\":\"column\",\"props\":{\"image_position\":\"center-center\",\"media_overlay_gradient\":\"\",\"width_medium\":\"1-3\"},\"children\":[{\"type\":\"headline\",\"props\":{\"title_element\":\"h1\",\"content\":\"Tecnologia Zoom Advanced Power Plus\"}},{\"type\":\"text\",\"props\":{\"margin\":\"default\",\"column_breakpoint\":\"m\",\"content\":\"\n\n<p>O Zoom AP Plus \\u00e9 o sistema de branqueamento laser de consult\\u00f3rio mais avan\\u00e7ado de sempre.<\\\/p>\\n\n\n<p>Zoom AP Plus oferece aos pacieentes a mais recente tecnologia de branqueamento laser.<\\\/p>\"}}]},{\"type\":\"column\",\"props\":{\"image_position\":\"center-center\",\"media_overlay_gradient\":\"\",\"width_medium\":\"2-3\"},\"children\":[{\"type\":\"video\",\"props\":{\"video_controls\":true,\"margin\":\"default\"}}]}]}]},{\"type\":\"section\",\"props\":{\"style\":\"default\",\"width\":\"default\",\"vertical_align\":\"middle\",\"title_position\":\"top-left\",\"title_rotation\":\"left\",\"title_breakpoint\":\"xl\",\"image_position\":\"center-center\"},\"children\":[{\"type\":\"row\",\"props\":{\"layout\":\"expand,large\"},\"children\":[{\"type\":\"column\",\"props\":{\"image_position\":\"center-center\",\"media_overlay_gradient\":\"\",\"width_medium\":\"expand\"},\"children\":[{\"type\":\"image\",\"props\":{\"margin\":\"default\",\"image_svg_color\":\"emphasis\"}}]},{\"type\":\"column\",\"props\":{\"image_position\":\"center-center\",\"media_overlay_gradient\":\"\",\"width_medium\":\"large\"},\"children\":[{\"type\":\"headline\",\"props\":{\"title_element\":\"h1\",\"content\":\"Fa\\u00e7a j\\u00e1 a sua marca\\u00e7\\u00e3o\"}},{\"type\":\"html\",\"props\":{\"content\":\"\n\n<hr class=\\\"uk-divider-icon\\\">\"},\"name\":\"Devis\\u00e3o\"},{\"type\":\"text\",\"props\":{\"margin\":\"default\",\"column_breakpoint\":\"m\",\"content\":\"\n\n<p>Volte a ficar com um sorriso mais luminoso em apenas 1 hora\\u00b9.<\\\/p>\"}},{\"type\":\"button\",\"props\":{\"grid_column_gap\":\"\",\"grid_row_gap\":\"small\",\"margin\":\"default\",\"button_size\":\"large\",\"fullwidth\":true,\"text_align\":\"center\",\"margin_remove_bottom\":false,\"margin_remove_top\":false},\"children\":[{\"type\":\"button_item\",\"props\":{\"button_style\":\"primary\",\"icon_align\":\"left\",\"link_title\":\"Marcar Consulta\",\"link\":\"index.php?page_id=665\",\"status\":\"\",\"content\":\"Marcar Consulta\",\"lightbox_width\":\"\",\"lightbox_height\":\"\",\"icon\":\"calendar\"}}],\"name\":\"Marcar Consulta\"},{\"type\":\"text\",\"props\":{\"margin\":\"default\",\"column_breakpoint\":\"m\",\"content\":\"\n\n<h6>\\u00b9 Excluindo o tempo de prepara\\u00e7\\u00e3o<br \\\/>\\u00b2 Em compara\\u00e7\\u00e3o com l\\u00edderes da concorr\\u00eancia n\\u00e3o baseados em luz<\\\/h6>\"}}]}]}]}],\"version\":\"2.1.1\"} --><\/p>\n","protected":false},"excerpt":{"rendered":"<p>Branqueamento Estudos revelam que 50% dos pacientes atingem cor B1 ( tom mais claro de escala Vita ) ou melhor em apenas 45 minutos. Com o Zoom AP Plus conseguiu-se em 44% dos casos melhores resultados do que com os sistemas tradicionais de moldeira ( mesmo ap\u00f3s 30 dias de utiliza\u00e7\u00e3o ). Quais os resultados [&hellip;]<\/p>\n","protected":false},"author":1,"featured_media":0,"parent":0,"menu_order":0,"comment_status":"closed","ping_status":"closed","template":"","meta":{"footnotes":""},"_links":{"self":[{"href":"https:\/\/clinicapinhaisdafoz.com\/index.php?rest_route=\/wp\/v2\/pages\/753"}],"collection":[{"href":"https:\/\/clinicapinhaisdafoz.com\/index.php?rest_route=\/wp\/v2\/pages"}],"about":[{"href":"https:\/\/clinicapinhaisdafoz.com\/index.php?rest_route=\/wp\/v2\/types\/page"}],"author":[{"embeddable":true,"href":"https:\/\/clinicapinhaisdafoz.com\/index.php?rest_route=\/wp\/v2\/users\/1"}],"replies":[{"embeddable":true,"href":"https:\/\/clinicapinhaisdafoz.com\/index.php?rest_route=%2Fwp%2Fv2%2Fcomments&post=753"}],"version-history":[{"count":58,"href":"https:\/\/clinicapinhaisdafoz.com\/index.php?rest_route=\/wp\/v2\/pages\/753\/revisions"}],"predecessor-version":[{"id":997,"href":"https:\/\/clinicapinhaisdafoz.com\/index.php?rest_route=\/wp\/v2\/pages\/753\/revisions\/997"}],"wp:attachment":[{"href":"https:\/\/clinicapinhaisdafoz.com\/index.php?rest_route=%2Fwp%2Fv2%2Fmedia&parent=753"}],"curies":[{"name":"wp","href":"https:\/\/api.w.org\/{rel}","templated":true}]}}