{"id":641,"date":"2020-06-21T22:09:13","date_gmt":"2020-06-21T22:09:13","guid":{"rendered":"https:\/\/clinicapinhaisdafoz.com\/?page_id=641"},"modified":"2020-06-29T23:32:21","modified_gmt":"2020-06-29T23:32:21","slug":"regulamento-geral-de-protecao-de-dados","status":"publish","type":"page","link":"https:\/\/clinicapinhaisdafoz.com\/?page_id=641","title":{"rendered":"Regulamento Geral de Prote\u00e7\u00e3o de Dados"},"content":{"rendered":"<div>\n<p>A Cl\u00ednica M\u00e9dica e Dent\u00e1ria dos Pinhais da Foz, respeita a privacidade dos visitantes do site www.clinicapinhaisdafoz.com\u00a0 e empreende todos os cuidados para proteger as respetivas informa\u00e7\u00f5es.\u00a0 Esta pol\u00edtica de privacidade, consiste em prestar as informa\u00e7\u00f5es que recolhemos e da forma como a podemos utilizar bem como das normas de seguran\u00e7a adotadas para proteger a sua identidade e dados pessoais.<\/p>\n<p>QUE TIPO DE INFORMA\u00c7\u00d5ES RECOLHEMOS:<\/p>\n<p>Podem ser solicitadas informa\u00e7\u00f5es pessoais, como o seu nome, endere\u00e7o, data de nascimento, sexo, endere\u00e7o de correio eletr\u00f3nico, nif , etc. As informa\u00e7\u00f5es supra podem ser solicitadas quando se inscreve ou preenche formul\u00e1rio de contacto quer como trabalhador, candidato a emprego, formando, formador, cliente, fornecedor, visitante, etc, e ou quando recebe ou envia mensagens de correio eletr\u00f3nico e para servi\u00e7os que exigem um registo ou uma subscri\u00e7\u00e3o.\u00a0<\/p>\n<p>Utilizamos \u201ccookies\u201d para recolher informa\u00e7\u00f5es acerca das suas visitas ao nosso Web site e para melhorar a sua experi\u00eancia.<\/p>\n<p>Quando visita o nosso Web site, recolhemos dados conhecidos como \u201cpercurso de cliques\u201d (endere\u00e7o do servidor, nome de dom\u00ednio, etc).<\/p>\n<p>Estas informa\u00e7\u00f5es\/dados s\u00e3o armazenados de forma an\u00f3nima e servem apenas para an\u00e1lise estat\u00edstica generalizada,\u00a0 webmining, com o objetivo de melhorar os nossos servi\u00e7os.<\/p>\n<p>UTILIZA\u00c7\u00c3O DAS INFORMA\u00c7\u00d5ES DOS VISITANTES:<\/p>\n<p>Todas as informa\u00e7\u00f5es pessoais que obtemos ser\u00e3o registadas, utilizadas e protegidas em conformidade com legisla\u00e7\u00e3o comunit\u00e1ria vigente em mat\u00e9ria de prote\u00e7\u00e3o de dados e com esta pol\u00edtica de privacidade.\u00a0<\/p>\n<p>As informa\u00e7\u00f5es recolhidas, t\u00eam como finalidade o envio de informa\u00e7\u00f5es \/divulga\u00e7\u00e3o por correio eletr\u00f3nico ou mensagens SMS acerca dos nossos produtos e servi\u00e7os.\u00a0\u00a0<\/p>\n<p>O envio das informa\u00e7\u00f5es apenas ocorre, quando o titular dos dados, tiver expressamente optado por receber mensagens de correio eletr\u00f3nico e\/ou mensagens SMS da Cl\u00ednica M\u00e9dica e Dent\u00e1ria dos Pinhais da Foz Caso n\u00e3o pretenda receber mais mensagens de correio eletr\u00f3nico ou SMS , entre em contacto connosco atrav\u00e9s do email clinicapinhaisdafoz@gmail.com ou carta para a nossa morada.<\/p>\n<p>PROTEC\u00c7\u00c3O DAS INFORMA\u00c7\u00d5ES DOS VISITANTES<\/p>\n<p>\u00a0As informa\u00e7\u00f5es que nos fornece ao visitar o nosso Web site, est\u00e3o protegidas no \u00e2mbito da implementa\u00e7\u00e3o das v\u00e1rias medidas de seguran\u00e7a, nomeadamente atrav\u00e9s de acesso condicionado, e da salvaguarda de confidencialidade das informa\u00e7\u00f5es.<\/p>\n<p>Alertamos, contudo, que ao fornecer informa\u00e7\u00f5es pessoais online, existe um risco de terceiros poderem intercepta e utilizar estas informa\u00e7\u00f5es, pelo que em termos de seguran\u00e7a de qualquer informa\u00e7\u00e3o que divulgue online; f\u00e1-lo-\u00e1 por sua pr\u00f3pria conta e risco.<\/p>\n<p>PRIVACIDADE DE MENORES (CRIAN\u00c7AS E\u00a0 JOVENS)<\/p>\n<p>\u00a0A empresa Cl\u00ednica M\u00e9dica e Dent\u00e1ria dos Pinhais da Foz,\u00a0est\u00e1 empenhada em proteger a privacidade de crian\u00e7as e n\u00e3o pretende recolher dados pessoais de menores com idade inferior a 13 anos( A idade legalmente\u00a0 definida em termos de lei nacional no \u00e2mbito do RGPD). Se o utilizador for uma crian\u00e7a com idade inferior a 13 anos e tentar enviar o seu registo, o mesmo ser\u00e1 rejeitado e a crian\u00e7a ser\u00e1 informada de que n\u00e3o aceitamos registos provenientes de crian\u00e7as com idade inferior a 13 anos. Incentivamos os pais e os respons\u00e1veis por menores com idade inferior a 13 anos a controlarem e supervisionarem regularmente a utiliza\u00e7\u00e3o do correio eletr\u00f3nico e as outras atividades online das crian\u00e7as.<\/p>\n<p>UTILIZA\u00c7\u00c3O DE COOKIES<\/p>\n<p>Caso pretenda poder\u00e1 descativar todos os cookies, caso prefira n\u00e3o os receber. Tamb\u00e9m pode fazer com que o seu computador o avise da utiliza\u00e7\u00e3o de cookies. Em ambos os casos, tem de ajustar as defini\u00e7\u00f5es do seu navegador (como o Internet Explorer).\u00a0<\/p>\n<p>RECTIFICA\u00c7\u00c3O, ELIMINA\u00c7\u00c3O OU MODIFICA\u00c7\u00c3O OU ACTUALIZA\u00c7\u00c3O DE INFORMA\u00c7\u00d5ES PESSOAIS<\/p>\n<p>Caso pretenda, pode cancelar o seu registo ou utiliza\u00e7\u00e3o em qualquer altura e pode optar por n\u00e3o receber quaisquer mensagens de correio eletr\u00f3nico e\/ou mensagens SMS, e pode tamb\u00e9m optar por eliminar todas as suas informa\u00e7\u00f5es pessoais da nossa base de dados.<\/p>\n<p>Se pretender pode tamb\u00e9m anular subscri\u00e7\u00f5es, eliminar ou modificar as suas informa\u00e7\u00f5es pessoais .\u00a0<\/p>\n<p>NOSSO CONTACTO<\/p>\n<p>Se tiver quaisquer perguntas ou coment\u00e1rios relativamente ao nosso Web site e\/ou \u00e0 nossa pol\u00edtica de privacidade, escreva-os para o endere\u00e7o presente no nosso website.<\/p>\n<p>O CONSENTIMENTO DO TITULAR DOS DADOS\u00a0<\/p>\n<p>Ao utilizar o nosso Web site confirma que aceita os termos desta Pol\u00edtica de Privacidade, assim como os nossos Termos e Condi\u00e7\u00f5es. Caso\u00a0 n\u00e3o concorde com os termos da nossa Pol\u00edtica de Privacidade e os nossos Termos e Condi\u00e7\u00f5es, solicita-se que n\u00e3o nos forne\u00e7a informa\u00e7\u00f5es pessoais e cesse a utiliza\u00e7\u00e3o no nosso Web site.<\/p>\n<p>DIREITO DO TITULAR DOS DADOS AO ACESSO \u00c0S SUAS INFORMA\u00c7\u00d5ES PESSOAIS<\/p>\n<p>O titular dos dados tem o direito de receber uma c\u00f3pia das suas informa\u00e7\u00f5es pessoais em nosso poder.\u00a0 A empresa reserva-se o direito de cobrar uma pequena taxa (valor a definir) para custos administrativos e inform\u00e1ticos de qualquer pedido efectuado .<\/p>\n<p>DIREITO DO TITULAR DOS DADOS \u00c0 ELIMINA\u00c7\u00c3O DE DADOS PESSOAIS<\/p>\n<p>Caso seja utilizador do nosso website atrav\u00e9s do processo de registo de utilizador, os seus dados estar\u00e3o armazenados numa base de dados espec\u00edfica de controlo de utilizadores.\u00a0 Por\u00e9m o Titular dos Dados poder\u00e1 requerer a sua elimina\u00e7\u00e3o sempre que pretender, atrav\u00e9s do endere\u00e7o de email clinicapinhaisdafoz@gmail.com ou atrav\u00e9s de pedido por escrito para a nossa morada oficial presente no website.<\/p>\n<p>POLITICA DE PRIVACIDADE\u00a0<\/p>\n<p>A pol\u00edtica de privacidade online aplica-se apenas \u00e0s informa\u00e7\u00f5es recolhidas atrav\u00e9s do nosso Web site e n\u00e3o \u00e0s informa\u00e7\u00f5es recolhidas offline.<\/p>\n<\/div>\n<p><!-- {\"type\":\"layout\",\"children\":[{\"type\":\"section\",\"props\":{\"style\":\"muted\",\"width\":\"default\",\"vertical_align\":\"middle\",\"title_position\":\"top-left\",\"title_rotation\":\"left\",\"title_breakpoint\":\"xl\",\"image_position\":\"center-center\",\"title\":\"\",\"image\":\"\"},\"children\":[{\"type\":\"row\",\"children\":[{\"type\":\"column\",\"props\":{\"image_position\":\"center-center\",\"media_overlay_gradient\":\"\",\"width_medium\":\"\"},\"children\":[{\"type\":\"text\",\"props\":{\"margin\":\"default\",\"column_breakpoint\":\"m\",\"content\":\"\n\n<p>A Cl\\u00ednica M\\u00e9dica e Dent\\u00e1ria dos Pinhais da Foz, respeita a privacidade dos visitantes do site www.clinicapinhaisdafoz.com\\u00a0 e empreende todos os cuidados para proteger as respetivas informa\\u00e7\\u00f5es.\\u00a0 Esta pol\\u00edtica de privacidade, consiste em prestar as informa\\u00e7\\u00f5es que recolhemos e da forma como a podemos utilizar bem como das normas de seguran\\u00e7a adotadas para proteger a sua identidade e dados pessoais.<\\\/p>\\n\n\n<p><br \\\/>QUE TIPO DE INFORMA\\u00c7\\u00d5ES RECOLHEMOS:<\\\/p>\\n\n\n<p><br \\\/>Podem ser solicitadas informa\\u00e7\\u00f5es pessoais, como o seu nome, endere\\u00e7o, data de nascimento, sexo, endere\\u00e7o de correio eletr\\u00f3nico, nif , etc. As informa\\u00e7\\u00f5es supra podem ser solicitadas quando se inscreve ou preenche formul\\u00e1rio de contacto quer como trabalhador, candidato a emprego, formando, formador, cliente, fornecedor, visitante, etc, e ou quando recebe ou envia mensagens de correio eletr\\u00f3nico e para servi\\u00e7os que exigem um registo ou uma subscri\\u00e7\\u00e3o.\\u00a0<\\\/p>\\n\n\n<p>Utilizamos \\u201ccookies\\u201d para recolher informa\\u00e7\\u00f5es acerca das suas visitas ao nosso Web site e para melhorar a sua experi\\u00eancia.<\\\/p>\\n\n\n<p>Quando visita o nosso Web site, recolhemos dados conhecidos como \\u201cpercurso de cliques\\u201d (endere\\u00e7o do servidor, nome de dom\\u00ednio, etc).<\\\/p>\\n\n\n<p><br \\\/>Estas informa\\u00e7\\u00f5es\\\/dados s\\u00e3o armazenados de forma an\\u00f3nima e servem apenas para an\\u00e1lise estat\\u00edstica generalizada,\\u00a0 webmining, com o objetivo de melhorar os nossos servi\\u00e7os.<\\\/p>\\n\n\n<p><br \\\/>UTILIZA\\u00c7\\u00c3O DAS INFORMA\\u00c7\\u00d5ES DOS VISITANTES:<\\\/p>\\n\n\n<p><br \\\/>Todas as informa\\u00e7\\u00f5es pessoais que obtemos ser\\u00e3o registadas, utilizadas e protegidas em conformidade com legisla\\u00e7\\u00e3o comunit\\u00e1ria vigente em mat\\u00e9ria de prote\\u00e7\\u00e3o de dados e com esta pol\\u00edtica de privacidade.\\u00a0<\\\/p>\\n\n\n<p><br \\\/>As informa\\u00e7\\u00f5es recolhidas, t\\u00eam como finalidade o envio de informa\\u00e7\\u00f5es \\\/divulga\\u00e7\\u00e3o por correio eletr\\u00f3nico ou mensagens SMS acerca dos nossos produtos e servi\\u00e7os.\\u00a0\\u00a0<\\\/p>\\n\n\n<p><br \\\/>O envio das informa\\u00e7\\u00f5es apenas ocorre, quando o titular dos dados, tiver expressamente optado por receber mensagens de correio eletr\\u00f3nico e\\\/ou mensagens SMS da Cl\\u00ednica M\\u00e9dica e Dent\\u00e1ria dos Pinhais da Foz Caso n\\u00e3o pretenda receber mais mensagens de correio eletr\\u00f3nico ou SMS , entre em contacto connosco atrav\\u00e9s do email clinicapinhaisdafoz@gmail.com ou carta para a nossa morada.<\\\/p>\\n\n\n<p><br \\\/>PROTEC\\u00c7\\u00c3O DAS INFORMA\\u00c7\\u00d5ES DOS VISITANTES<\\\/p>\\n\n\n<p><br \\\/>\\u00a0As informa\\u00e7\\u00f5es que nos fornece ao visitar o nosso Web site, est\\u00e3o protegidas no \\u00e2mbito da implementa\\u00e7\\u00e3o das v\\u00e1rias medidas de seguran\\u00e7a, nomeadamente atrav\\u00e9s de acesso condicionado, e da salvaguarda de confidencialidade das informa\\u00e7\\u00f5es.<\\\/p>\\n\n\n<p><br \\\/>Alertamos, contudo, que ao fornecer informa\\u00e7\\u00f5es pessoais online, existe um risco de terceiros poderem intercepta e utilizar estas informa\\u00e7\\u00f5es, pelo que em termos de seguran\\u00e7a de qualquer informa\\u00e7\\u00e3o que divulgue online; f\\u00e1-lo-\\u00e1 por sua pr\\u00f3pria conta e risco.<\\\/p>\\n\n\n<p><br \\\/>PRIVACIDADE DE MENORES (CRIAN\\u00c7AS E\\u00a0 JOVENS)<\\\/p>\\n\n\n<p><br \\\/>\\u00a0A empresa Cl\\u00ednica M\\u00e9dica e Dent\\u00e1ria dos Pinhais da Foz,\\u00a0est\\u00e1 empenhada em proteger a privacidade de crian\\u00e7as e n\\u00e3o pretende recolher dados pessoais de menores com idade inferior a 13 anos( A idade legalmente\\u00a0 definida em termos de lei nacional no \\u00e2mbito do RGPD). Se o utilizador for uma crian\\u00e7a com idade inferior a 13 anos e tentar enviar o seu registo, o mesmo ser\\u00e1 rejeitado e a crian\\u00e7a ser\\u00e1 informada de que n\\u00e3o aceitamos registos provenientes de crian\\u00e7as com idade inferior a 13 anos. Incentivamos os pais e os respons\\u00e1veis por menores com idade inferior a 13 anos a controlarem e supervisionarem regularmente a utiliza\\u00e7\\u00e3o do correio eletr\\u00f3nico e as outras atividades online das crian\\u00e7as.<\\\/p>\\n\n\n<p><br \\\/>UTILIZA\\u00c7\\u00c3O DE COOKIES<\\\/p>\\n\n\n<p><br \\\/>Caso pretenda poder\\u00e1 descativar todos os cookies, caso prefira n\\u00e3o os receber. Tamb\\u00e9m pode fazer com que o seu computador o avise da utiliza\\u00e7\\u00e3o de cookies. Em ambos os casos, tem de ajustar as defini\\u00e7\\u00f5es do seu navegador (como o Internet Explorer).\\u00a0<\\\/p>\\n\n\n<p><br \\\/>RECTIFICA\\u00c7\\u00c3O, ELIMINA\\u00c7\\u00c3O OU MODIFICA\\u00c7\\u00c3O OU ACTUALIZA\\u00c7\\u00c3O DE INFORMA\\u00c7\\u00d5ES PESSOAIS<\\\/p>\\n\n\n<p><br \\\/>Caso pretenda, pode cancelar o seu registo ou utiliza\\u00e7\\u00e3o em qualquer altura e pode optar por n\\u00e3o receber quaisquer mensagens de correio eletr\\u00f3nico e\\\/ou mensagens SMS, e pode tamb\\u00e9m optar por eliminar todas as suas informa\\u00e7\\u00f5es pessoais da nossa base de dados.<\\\/p>\\n\n\n<p><br \\\/>Se pretender pode tamb\\u00e9m anular subscri\\u00e7\\u00f5es, eliminar ou modificar as suas informa\\u00e7\\u00f5es pessoais .\\u00a0<\\\/p>\\n\n\n<p><br \\\/>NOSSO CONTACTO<\\\/p>\\n\n\n<p><br \\\/>Se tiver quaisquer perguntas ou coment\\u00e1rios relativamente ao nosso Web site e\\\/ou \\u00e0 nossa pol\\u00edtica de privacidade, escreva-os para o endere\\u00e7o presente no nosso website.<\\\/p>\\n\n\n<p><br \\\/>O CONSENTIMENTO DO TITULAR DOS DADOS\\u00a0<\\\/p>\\n\n\n<p><br \\\/>Ao utilizar o nosso Web site confirma que aceita os termos desta Pol\\u00edtica de Privacidade, assim como os nossos Termos e Condi\\u00e7\\u00f5es. Caso\\u00a0 n\\u00e3o concorde com os termos da nossa Pol\\u00edtica de Privacidade e os nossos Termos e Condi\\u00e7\\u00f5es, solicita-se que n\\u00e3o nos forne\\u00e7a informa\\u00e7\\u00f5es pessoais e cesse a utiliza\\u00e7\\u00e3o no nosso Web site.<\\\/p>\\n\n\n<p><br \\\/>DIREITO DO TITULAR DOS DADOS AO ACESSO \\u00c0S SUAS INFORMA\\u00c7\\u00d5ES PESSOAIS<\\\/p>\\n\n\n<p><br \\\/>O titular dos dados tem o direito de receber uma c\\u00f3pia das suas informa\\u00e7\\u00f5es pessoais em nosso poder.\\u00a0 A empresa reserva-se o direito de cobrar uma pequena taxa (valor a definir) para custos administrativos e inform\\u00e1ticos de qualquer pedido efectuado .<\\\/p>\\n\n\n<p><br \\\/>DIREITO DO TITULAR DOS DADOS \\u00c0 ELIMINA\\u00c7\\u00c3O DE DADOS PESSOAIS<\\\/p>\\n\n\n<p><br \\\/>Caso seja utilizador do nosso website atrav\\u00e9s do processo de registo de utilizador, os seus dados estar\\u00e3o armazenados numa base de dados espec\\u00edfica de controlo de utilizadores.\\u00a0 Por\\u00e9m o Titular dos Dados poder\\u00e1 requerer a sua elimina\\u00e7\\u00e3o sempre que pretender, atrav\\u00e9s do endere\\u00e7o de email clinicapinhaisdafoz@gmail.com ou atrav\\u00e9s de pedido por escrito para a nossa morada oficial presente no website.<\\\/p>\\n\n\n<p><br \\\/>POLITICA DE PRIVACIDADE\\u00a0<\\\/p>\\n\n\n<p><br \\\/>A pol\\u00edtica de privacidade online aplica-se apenas \\u00e0s informa\\u00e7\\u00f5es recolhidas atrav\\u00e9s do nosso Web site e n\\u00e3o \\u00e0s informa\\u00e7\\u00f5es recolhidas offline.<\\\/p>\"}}]}]}],\"name\":\"\"}],\"version\":\"2.1.1\"} --><\/p>\n","protected":false},"excerpt":{"rendered":"<p>A Cl\u00ednica M\u00e9dica e Dent\u00e1ria dos Pinhais da Foz, respeita a privacidade dos visitantes do site www.clinicapinhaisdafoz.com\u00a0 e empreende todos os cuidados para proteger as respetivas informa\u00e7\u00f5es.\u00a0 Esta pol\u00edtica de privacidade, consiste em prestar as informa\u00e7\u00f5es que recolhemos e da forma como a podemos utilizar bem como das normas de seguran\u00e7a adotadas para proteger a [&hellip;]<\/p>\n","protected":false},"author":1,"featured_media":0,"parent":0,"menu_order":0,"comment_status":"closed","ping_status":"closed","template":"","meta":{"footnotes":""},"_links":{"self":[{"href":"https:\/\/clinicapinhaisdafoz.com\/index.php?rest_route=\/wp\/v2\/pages\/641"}],"collection":[{"href":"https:\/\/clinicapinhaisdafoz.com\/index.php?rest_route=\/wp\/v2\/pages"}],"about":[{"href":"https:\/\/clinicapinhaisdafoz.com\/index.php?rest_route=\/wp\/v2\/types\/page"}],"author":[{"embeddable":true,"href":"https:\/\/clinicapinhaisdafoz.com\/index.php?rest_route=\/wp\/v2\/users\/1"}],"replies":[{"embeddable":true,"href":"https:\/\/clinicapinhaisdafoz.com\/index.php?rest_route=%2Fwp%2Fv2%2Fcomments&post=641"}],"version-history":[{"count":6,"href":"https:\/\/clinicapinhaisdafoz.com\/index.php?rest_route=\/wp\/v2\/pages\/641\/revisions"}],"predecessor-version":[{"id":1041,"href":"https:\/\/clinicapinhaisdafoz.com\/index.php?rest_route=\/wp\/v2\/pages\/641\/revisions\/1041"}],"wp:attachment":[{"href":"https:\/\/clinicapinhaisdafoz.com\/index.php?rest_route=%2Fwp%2Fv2%2Fmedia&parent=641"}],"curies":[{"name":"wp","href":"https:\/\/api.w.org\/{rel}","templated":true}]}}