{"id":590,"date":"2020-06-21T21:18:21","date_gmt":"2020-06-21T21:18:21","guid":{"rendered":"https:\/\/clinicapinhaisdafoz.com\/?page_id=590"},"modified":"2020-06-22T13:06:08","modified_gmt":"2020-06-22T13:06:08","slug":"politica-de-cookies","status":"publish","type":"page","link":"https:\/\/clinicapinhaisdafoz.com\/?page_id=590","title":{"rendered":"POL\u00cdTICA DE COOKIES"},"content":{"rendered":"<h1>Pol\u00edtica de Cookies<\/h1>\n<ul>\n<li>\n<h3>O QUE S\u00c3O COOKIES<\/h3>\n<div>\n<p>\u201cCookies\u201d s\u00e3o pequenas etiquetas de software que podem ser armazenadas no seu computador atrav\u00e9s do navegador de internet (browser), retendo apenas informa\u00e7\u00e3o relacionada com as suas prefer\u00eancias, n\u00e3o incluindo, como tal, os seus dados pessoais.<\/p>\n<\/div>\n<\/li>\n<li>\n<h3>PORQUE O WEBSITE UTILIZA COOKIES<\/h3>\n<div>\n<p>Durante uma visita a esta p\u00e1gina Web, poder\u00e3o ser colocados ficheiros denominados \u201cCookies\u201d no computador do utilizador. Estes Cookies permitem adequar a p\u00e1gina Web aos gostos e prefer\u00eancias do utilizador e apresentar promo\u00e7\u00f5es e ofertas de produtos que podem ser do seu interesse enquanto utilizador.<\/p>\n<\/div>\n<\/li>\n<li>\n<h3> TIPOS DE COOKIES<\/h3>\n<div>\n<p>Cookies de Prefer\u00eancias<br \/>Estes cookies permitem que os Websites memorizem informa\u00e7\u00f5es que alteram o comportamento e o aspeto do Website, como o seu idioma preferido ou a regi\u00e3o onde se encontra. Por exemplo, ao memorizar a sua regi\u00e3o, um Website pode fornecer-lhe informa\u00e7\u00f5es locais sobre o tempo ou o tr\u00e2nsito. Estes cookies tamb\u00e9m o podem ajudar a alterar o tamanho do texto, o tipo de letra e outras partes personaliz\u00e1veis de p\u00e1ginas Web. A perda das informa\u00e7\u00f5es armazenadas num cookie de prefer\u00eancia pode tornar a experi\u00eancia do Website menos funcional, mas n\u00e3o dever\u00e1 impedir o seu funcionamento.<\/p>\n<p>Cookies de Seguran\u00e7a<br \/>Os cookies de seguran\u00e7a s\u00e3o utilizados para autenticar utilizadores e evitar a utiliza\u00e7\u00e3o fraudulenta de credenciais de in\u00edcio de sess\u00e3o e proteger dados de pessoas n\u00e3o autorizadas. Por exemplo, permite bloquear muitos tipos de ataque, como tentativas de roubo do conte\u00fado de formul\u00e1rios que preenche em p\u00e1ginas Web.<\/p>\n<p>Cookies de Processos<br \/>Os cookies de processo ajudam o Website a funcionar e a disponibilizar servi\u00e7os que o visitante do Website espera, como navegar em p\u00e1ginas Web ou aceder a \u00e1reas seguras do Website. Sem estes cookies, o Website n\u00e3o consegue funcionar corretamente.<\/p>\n<p>Cookies de Publicidade<br \/>Estes cookies t\u00eam como finalidade tornar a publicidade mais envolvente para os utilizadores e mais valiosa para publicadores e anunciantes. Algumas aplica\u00e7\u00f5es comuns de cookies visam selecionar publicidade com base no que \u00e9 relevante para o utilizador, para melhorar os relat\u00f3rios sobre desempenho de campanhas e evitar mostrar an\u00fancios que o utilizador j\u00e1 viu.<\/p>\n<p>Cookies de Estado da Sess\u00e3o<br \/>Os Websites recolhem muitas vezes informa\u00e7\u00f5es sobre a forma como os utilizadores interagem com uma determinada p\u00e1gina Web. Isso pode incluir as p\u00e1ginas que os utilizadores visitam com mais frequ\u00eancia e se os utilizadores recebem mensagens de erro de determinadas p\u00e1ginas. Os chamados \u201ccookies de estado da sess\u00e3o ajudam a melhorar os servi\u00e7os das empresas, de forma a melhorar a experi\u00eancia de navega\u00e7\u00e3o dos nossos utilizadores. Bloquear ou eliminar estes cookies n\u00e3o torna o Website inutiliz\u00e1vel.<\/p>\n<p>Cookies de An\u00e1lise<br \/>Estes cookies ajudam os propriet\u00e1rios de Websites e de aplica\u00e7\u00f5es a entender o envolvimento dos seus visitantes com as suas p\u00e1ginas web. Estes podem utilizar um conjunto de cookies para recolher informa\u00e7\u00f5es e reportar estat\u00edsticas de utiliza\u00e7\u00e3o dos Websites sem identificar pessoalmente os visitantes individuais.<\/p>\n<\/div>\n<\/li>\n<li>\n<h3>COMO GERIR OS COOKIES<\/h3>\n<div>\n<p>Na maioria dos navegadores de Internet (Browsers) estes cookies podem ser facilmente removidos ou recusados. Poder\u00e1 alterar as suas permiss\u00f5es ao selecionar as defini\u00e7\u00f5es pretendidas no navegador. Entrar\u00e1 tamb\u00e9m mais detalhes sobre estes procedimentos na se\u00e7\u00e3o de ajuda do respectivo navegador.<\/p>\n<\/div>\n<\/li>\n<\/ul>\n<p><!-- {\"type\":\"layout\",\"children\":[{\"type\":\"section\",\"props\":{\"style\":\"default\",\"width\":\"default\",\"vertical_align\":\"middle\",\"title_position\":\"top-left\",\"title_rotation\":\"left\",\"title_breakpoint\":\"xl\",\"image_position\":\"center-center\"},\"children\":[{\"type\":\"row\",\"props\":{\"layout\":\"1-2,1-2\"},\"children\":[{\"type\":\"column\",\"props\":{\"image_position\":\"center-center\",\"media_overlay_gradient\":\"\",\"width_medium\":\"1-2\"},\"children\":[{\"type\":\"headline\",\"props\":{\"title_element\":\"h1\",\"content\":\"Pol\\u00edtica de Cookies\"}},{\"type\":\"accordion\",\"props\":{\"show_image\":true,\"show_link\":true,\"collapsible\":true,\"content_column_breakpoint\":\"m\",\"image_svg_color\":\"emphasis\",\"image_align\":\"top\",\"image_grid_width\":\"1-2\",\"image_grid_breakpoint\":\"m\",\"link_text\":\"Read more\",\"link_style\":\"default\"},\"children\":[{\"type\":\"accordion_item\",\"props\":{\"title\":\"O QUE S\\u00c3O COOKIES\",\"content\":\"\n\n<p>\\u201cCookies\\u201d s\\u00e3o pequenas etiquetas de software que podem ser armazenadas no seu computador atrav\\u00e9s do navegador de internet (browser), retendo apenas informa\\u00e7\\u00e3o relacionada com as suas prefer\\u00eancias, n\\u00e3o incluindo, como tal, os seus dados pessoais.<\\\/p>\"}},{\"type\":\"accordion_item\",\"props\":{\"title\":\"PORQUE O WEBSITE UTILIZA COOKIES\",\"content\":\"\n\n<p>Durante uma visita a esta p\\u00e1gina Web, poder\\u00e3o ser colocados ficheiros denominados \\u201cCookies\\u201d no computador do utilizador. Estes Cookies permitem adequar a p\\u00e1gina Web aos gostos e prefer\\u00eancias do utilizador e apresentar promo\\u00e7\\u00f5es e ofertas de produtos que podem ser do seu interesse enquanto utilizador.<\\\/p>\"}},{\"type\":\"accordion_item\",\"props\":{\"title\":\" TIPOS DE COOKIES\",\"content\":\"\n\n<p>Cookies de Prefer\\u00eancias<br \\\/>Estes cookies permitem que os Websites memorizem informa\\u00e7\\u00f5es que alteram o comportamento e o aspeto do Website, como o seu idioma preferido ou a regi\\u00e3o onde se encontra. Por exemplo, ao memorizar a sua regi\\u00e3o, um Website pode fornecer-lhe informa\\u00e7\\u00f5es locais sobre o tempo ou o tr\\u00e2nsito. Estes cookies tamb\\u00e9m o podem ajudar a alterar o tamanho do texto, o tipo de letra e outras partes personaliz\\u00e1veis de p\\u00e1ginas Web. A perda das informa\\u00e7\\u00f5es armazenadas num cookie de prefer\\u00eancia pode tornar a experi\\u00eancia do Website menos funcional, mas n\\u00e3o dever\\u00e1 impedir o seu funcionamento.<\\\/p>\\n\n\n<p>Cookies de Seguran\\u00e7a<br \\\/>Os cookies de seguran\\u00e7a s\\u00e3o utilizados para autenticar utilizadores e evitar a utiliza\\u00e7\\u00e3o fraudulenta de credenciais de in\\u00edcio de sess\\u00e3o e proteger dados de pessoas n\\u00e3o autorizadas. Por exemplo, permite bloquear muitos tipos de ataque, como tentativas de roubo do conte\\u00fado de formul\\u00e1rios que preenche em p\\u00e1ginas Web.<\\\/p>\\n\n\n<p>Cookies de Processos<br \\\/>Os cookies de processo ajudam o Website a funcionar e a disponibilizar servi\\u00e7os que o visitante do Website espera, como navegar em p\\u00e1ginas Web ou aceder a \\u00e1reas seguras do Website. Sem estes cookies, o Website n\\u00e3o consegue funcionar corretamente.<\\\/p>\\n\n\n<p>Cookies de Publicidade<br \\\/>Estes cookies t\\u00eam como finalidade tornar a publicidade mais envolvente para os utilizadores e mais valiosa para publicadores e anunciantes. Algumas aplica\\u00e7\\u00f5es comuns de cookies visam selecionar publicidade com base no que \\u00e9 relevante para o utilizador, para melhorar os relat\\u00f3rios sobre desempenho de campanhas e evitar mostrar an\\u00fancios que o utilizador j\\u00e1 viu.<\\\/p>\\n\n\n<p>Cookies de Estado da Sess\\u00e3o<br \\\/>Os Websites recolhem muitas vezes informa\\u00e7\\u00f5es sobre a forma como os utilizadores interagem com uma determinada p\\u00e1gina Web. Isso pode incluir as p\\u00e1ginas que os utilizadores visitam com mais frequ\\u00eancia e se os utilizadores recebem mensagens de erro de determinadas p\\u00e1ginas. Os chamados \\u201ccookies de estado da sess\\u00e3o ajudam a melhorar os servi\\u00e7os das empresas, de forma a melhorar a experi\\u00eancia de navega\\u00e7\\u00e3o dos nossos utilizadores. Bloquear ou eliminar estes cookies n\\u00e3o torna o Website inutiliz\\u00e1vel.<\\\/p>\\n\n\n<p>Cookies de An\\u00e1lise<br \\\/>Estes cookies ajudam os propriet\\u00e1rios de Websites e de aplica\\u00e7\\u00f5es a entender o envolvimento dos seus visitantes com as suas p\\u00e1ginas web. Estes podem utilizar um conjunto de cookies para recolher informa\\u00e7\\u00f5es e reportar estat\\u00edsticas de utiliza\\u00e7\\u00e3o dos Websites sem identificar pessoalmente os visitantes individuais.<\\\/p>\"}},{\"type\":\"accordion_item\",\"props\":{\"title\":\"COMO GERIR OS COOKIES\",\"content\":\"\n\n<p>Na maioria dos navegadores de Internet (Browsers) estes cookies podem ser facilmente removidos ou recusados. Poder\\u00e1 alterar as suas permiss\\u00f5es ao selecionar as defini\\u00e7\\u00f5es pretendidas no navegador. Entrar\\u00e1 tamb\\u00e9m mais detalhes sobre estes procedimentos na se\\u00e7\\u00e3o de ajuda do respectivo navegador.<\\\/p>\"}}]}]},{\"type\":\"column\",\"props\":{\"image_position\":\"center-center\",\"media_overlay_gradient\":\"\",\"width_medium\":\"1-2\"},\"children\":[]}]}]}],\"version\":\"2.1.1\"} --><\/p>\n","protected":false},"excerpt":{"rendered":"<p>Pol\u00edtica de Cookies O QUE S\u00c3O COOKIES \u201cCookies\u201d s\u00e3o pequenas etiquetas de software que podem ser armazenadas no seu computador atrav\u00e9s do navegador de internet (browser), retendo apenas informa\u00e7\u00e3o relacionada com as suas prefer\u00eancias, n\u00e3o incluindo, como tal, os seus dados pessoais. PORQUE O WEBSITE UTILIZA COOKIES Durante uma visita a esta p\u00e1gina Web, poder\u00e3o [&hellip;]<\/p>\n","protected":false},"author":1,"featured_media":0,"parent":0,"menu_order":0,"comment_status":"closed","ping_status":"closed","template":"","meta":{"footnotes":""},"_links":{"self":[{"href":"https:\/\/clinicapinhaisdafoz.com\/index.php?rest_route=\/wp\/v2\/pages\/590"}],"collection":[{"href":"https:\/\/clinicapinhaisdafoz.com\/index.php?rest_route=\/wp\/v2\/pages"}],"about":[{"href":"https:\/\/clinicapinhaisdafoz.com\/index.php?rest_route=\/wp\/v2\/types\/page"}],"author":[{"embeddable":true,"href":"https:\/\/clinicapinhaisdafoz.com\/index.php?rest_route=\/wp\/v2\/users\/1"}],"replies":[{"embeddable":true,"href":"https:\/\/clinicapinhaisdafoz.com\/index.php?rest_route=%2Fwp%2Fv2%2Fcomments&post=590"}],"version-history":[{"count":14,"href":"https:\/\/clinicapinhaisdafoz.com\/index.php?rest_route=\/wp\/v2\/pages\/590\/revisions"}],"predecessor-version":[{"id":1013,"href":"https:\/\/clinicapinhaisdafoz.com\/index.php?rest_route=\/wp\/v2\/pages\/590\/revisions\/1013"}],"wp:attachment":[{"href":"https:\/\/clinicapinhaisdafoz.com\/index.php?rest_route=%2Fwp%2Fv2%2Fmedia&parent=590"}],"curies":[{"name":"wp","href":"https:\/\/api.w.org\/{rel}","templated":true}]}}