{"id":3,"date":"2020-06-20T11:21:19","date_gmt":"2020-06-20T11:21:19","guid":{"rendered":"https:\/\/clinicapinhaisdafoz.com\/?page_id=3"},"modified":"2020-06-29T23:25:27","modified_gmt":"2020-06-29T23:25:27","slug":"politica-privacidade","status":"publish","type":"page","link":"https:\/\/clinicapinhaisdafoz.com\/?page_id=3","title":{"rendered":"Pol\u00edtica de privacidade"},"content":{"rendered":"<div>\n<h1 style=\"text-align: center;\">Pol\u00edtica de Privacidade<\/h1>\n<p>\u00a0<\/p>\n<p>A Cl\u00ednica M\u00e9dica e Dent\u00e1ria dos Pinhais da Foz, respeita a privacidade de todos os utilizadores do seu website e compromete-se a proteger as informa\u00e7\u00f5es pessoais que cada utilizador decidir partilhar. Algumas sec\u00e7\u00f5es e\/ou funcionalidades deste website podem ser navegadas sem recurso a divulga\u00e7\u00e3o de qualquer informa\u00e7\u00e3o pessoal por parte do utilizador.<\/p>\n<p>No entanto, quando for necess\u00e1ria a recolha de informa\u00e7\u00e3o pessoal para disponibilizar servi\u00e7os ou quando cada utilizador decidir fornecer alguns dos seus dados pessoais, a utiliza\u00e7\u00e3o daquela informa\u00e7\u00e3o e daqueles dados ser\u00e1 efetuada no cumprimento da legisla\u00e7\u00e3o aplic\u00e1vel sobre prote\u00e7\u00e3o de dados pessoais &#8211; Lei 67\/98 de 26 de Outubro, Lei de Prote\u00e7\u00e3o de Dados &#8211; de forma a ser assegurada a confidencialidade e seguran\u00e7a dos dados pessoais fornecidos. A entidade respons\u00e1vel pela recolha e tratamento de dados pessoais \u00e9 a Cl\u00ednica M\u00e9dica e Dent\u00e1ria dos Pinhais da Foz.<\/p>\n<p>Os dados partilhados pelos utilizadores estar\u00e3o sujeitos a tratamento inform\u00e1tico e constar\u00e3o na(s) base(s) de dados das empresas em rela\u00e7\u00e3o de simples participa\u00e7\u00e3o ou de dom\u00ednio pela Cl\u00ednica M\u00e9dica e Dent\u00e1ria dos Pinhais da Foz.<\/p>\n<p>No \u00e2mbito da gest\u00e3o de dados de cliente, os dados pessoais recolhidos ser\u00e3o transmitidos a terceiros que sejam empresas transportadoras de mercadorias tendo como \u00fanica e exclusiva finalidade a realiza\u00e7\u00e3o e execu\u00e7\u00e3o cabal dos servi\u00e7os ou produtos comprados pelo utilizador, titular dos dados pessoais recolhidos.<\/p>\n<p>Os dados pessoais recolhidos poder\u00e3o vir a ser transmitidos, para efeitos de marketing direto, designadamente atrav\u00e9s da utiliza\u00e7\u00e3o de aparelhos de chamada autom\u00e1tica, de aparelhos de telec\u00f3pia ou de correio eletr\u00f3nico, incluindo SMS, EMS e MMS, pelas sociedades comerciais participadas direta ou indiretamente pela Cl\u00ednica M\u00e9dica e Dent\u00e1ria dos Pinhais da Foz.<\/p>\n<p>Nos termos do disposto no art. 13\u00ba-A da Lei 41\/2004 de 18 de Agosto, aditado pela Lei 46\/2012 de 29 de agosto, se pretender autorizar o tratamento e utiliza\u00e7\u00e3o dos seus dados pessoais para efeitos de Marketing direto, nos termos descritos anteriormente, Cl\u00ednica M\u00e9dica e Dent\u00e1ria dos Pinhais da Foz ou outra sociedade comercial participada direta ou indiretamente pela Cl\u00ednica M\u00e9dica e Dent\u00e1ria dos Pinhais da Foz.<\/p>\n<p>O fornecimento de dados pessoais \u00e9 facultativo e ser\u00e1 sempre garantido, nos termos da lei, o direito de acesso, retifica\u00e7\u00e3o e anula\u00e7\u00e3o de qualquer dado fornecido, podendo aquele direito ser exercido pessoalmente ou por escrito, diretamente para o endere\u00e7o constante na homepage do website.<\/p>\n<\/div>\n<p><!-- {\"type\":\"layout\",\"children\":[{\"type\":\"section\",\"props\":{\"style\":\"muted\",\"width\":\"default\",\"vertical_align\":\"middle\",\"title_position\":\"top-left\",\"title_rotation\":\"left\",\"title_breakpoint\":\"xl\",\"image_position\":\"center-center\",\"title\":\"\",\"image\":\"\"},\"children\":[{\"type\":\"row\",\"children\":[{\"type\":\"column\",\"props\":{\"image_position\":\"center-center\",\"media_overlay_gradient\":\"\",\"width_medium\":\"\"},\"children\":[{\"type\":\"text\",\"props\":{\"margin\":\"default\",\"column_breakpoint\":\"m\",\"content\":\"\n\n<h1 style=\\\"text-align: center;\\\">Pol\\u00edtica de Privacidade<\\\/h1>\\n\n\n<p>\\u00a0<\\\/p>\\n\n\n<p>A Cl\\u00ednica M\\u00e9dica e Dent\\u00e1ria dos Pinhais da Foz, respeita a privacidade de todos os utilizadores do seu website e compromete-se a proteger as informa\\u00e7\\u00f5es pessoais que cada utilizador decidir partilhar. Algumas sec\\u00e7\\u00f5es e\\\/ou funcionalidades deste website podem ser navegadas sem recurso a divulga\\u00e7\\u00e3o de qualquer informa\\u00e7\\u00e3o pessoal por parte do utilizador.<\\\/p>\\n\n\n<p>No entanto, quando for necess\\u00e1ria a recolha de informa\\u00e7\\u00e3o pessoal para disponibilizar servi\\u00e7os ou quando cada utilizador decidir fornecer alguns dos seus dados pessoais, a utiliza\\u00e7\\u00e3o daquela informa\\u00e7\\u00e3o e daqueles dados ser\\u00e1 efetuada no cumprimento da legisla\\u00e7\\u00e3o aplic\\u00e1vel sobre prote\\u00e7\\u00e3o de dados pessoais - Lei 67\\\/98 de 26 de Outubro, Lei de Prote\\u00e7\\u00e3o de Dados - de forma a ser assegurada a confidencialidade e seguran\\u00e7a dos dados pessoais fornecidos. A entidade respons\\u00e1vel pela recolha e tratamento de dados pessoais \\u00e9 a Cl\\u00ednica M\\u00e9dica e Dent\\u00e1ria dos Pinhais da Foz.<\\\/p>\\n\n\n<p>Os dados partilhados pelos utilizadores estar\\u00e3o sujeitos a tratamento inform\\u00e1tico e constar\\u00e3o na(s) base(s) de dados das empresas em rela\\u00e7\\u00e3o de simples participa\\u00e7\\u00e3o ou de dom\\u00ednio pela Cl\\u00ednica M\\u00e9dica e Dent\\u00e1ria dos Pinhais da Foz.<\\\/p>\\n\n\n<p>No \\u00e2mbito da gest\\u00e3o de dados de cliente, os dados pessoais recolhidos ser\\u00e3o transmitidos a terceiros que sejam empresas transportadoras de mercadorias tendo como \\u00fanica e exclusiva finalidade a realiza\\u00e7\\u00e3o e execu\\u00e7\\u00e3o cabal dos servi\\u00e7os ou produtos comprados pelo utilizador, titular dos dados pessoais recolhidos.<\\\/p>\\n\n\n<p>Os dados pessoais recolhidos poder\\u00e3o vir a ser transmitidos, para efeitos de marketing direto, designadamente atrav\\u00e9s da utiliza\\u00e7\\u00e3o de aparelhos de chamada autom\\u00e1tica, de aparelhos de telec\\u00f3pia ou de correio eletr\\u00f3nico, incluindo SMS, EMS e MMS, pelas sociedades comerciais participadas direta ou indiretamente pela Cl\\u00ednica M\\u00e9dica e Dent\\u00e1ria dos Pinhais da Foz.<\\\/p>\\n\n\n<p>Nos termos do disposto no art. 13\\u00ba-A da Lei 41\\\/2004 de 18 de Agosto, aditado pela Lei 46\\\/2012 de 29 de agosto, se pretender autorizar o tratamento e utiliza\\u00e7\\u00e3o dos seus dados pessoais para efeitos de Marketing direto, nos termos descritos anteriormente, Cl\\u00ednica M\\u00e9dica e Dent\\u00e1ria dos Pinhais da Foz ou outra sociedade comercial participada direta ou indiretamente pela Cl\\u00ednica M\\u00e9dica e Dent\\u00e1ria dos Pinhais da Foz.<\\\/p>\\n\n\n<p>O fornecimento de dados pessoais \\u00e9 facultativo e ser\\u00e1 sempre garantido, nos termos da lei, o direito de acesso, retifica\\u00e7\\u00e3o e anula\\u00e7\\u00e3o de qualquer dado fornecido, podendo aquele direito ser exercido pessoalmente ou por escrito, diretamente para o endere\\u00e7o constante na homepage do website.<\\\/p>\"}}]}]}],\"name\":\"\"}],\"version\":\"2.1.1\"} --><\/p>\n","protected":false},"excerpt":{"rendered":"<p>Pol\u00edtica de Privacidade \u00a0 A Cl\u00ednica M\u00e9dica e Dent\u00e1ria dos Pinhais da Foz, respeita a privacidade de todos os utilizadores do seu website e compromete-se a proteger as informa\u00e7\u00f5es pessoais que cada utilizador decidir partilhar. Algumas sec\u00e7\u00f5es e\/ou funcionalidades deste website podem ser navegadas sem recurso a divulga\u00e7\u00e3o de qualquer informa\u00e7\u00e3o pessoal por parte do [&hellip;]<\/p>\n","protected":false},"author":1,"featured_media":0,"parent":0,"menu_order":0,"comment_status":"closed","ping_status":"open","template":"","meta":{"footnotes":""},"_links":{"self":[{"href":"https:\/\/clinicapinhaisdafoz.com\/index.php?rest_route=\/wp\/v2\/pages\/3"}],"collection":[{"href":"https:\/\/clinicapinhaisdafoz.com\/index.php?rest_route=\/wp\/v2\/pages"}],"about":[{"href":"https:\/\/clinicapinhaisdafoz.com\/index.php?rest_route=\/wp\/v2\/types\/page"}],"author":[{"embeddable":true,"href":"https:\/\/clinicapinhaisdafoz.com\/index.php?rest_route=\/wp\/v2\/users\/1"}],"replies":[{"embeddable":true,"href":"https:\/\/clinicapinhaisdafoz.com\/index.php?rest_route=%2Fwp%2Fv2%2Fcomments&post=3"}],"version-history":[{"count":12,"href":"https:\/\/clinicapinhaisdafoz.com\/index.php?rest_route=\/wp\/v2\/pages\/3\/revisions"}],"predecessor-version":[{"id":1035,"href":"https:\/\/clinicapinhaisdafoz.com\/index.php?rest_route=\/wp\/v2\/pages\/3\/revisions\/1035"}],"wp:attachment":[{"href":"https:\/\/clinicapinhaisdafoz.com\/index.php?rest_route=%2Fwp%2Fv2%2Fmedia&parent=3"}],"curies":[{"name":"wp","href":"https:\/\/api.w.org\/{rel}","templated":true}]}}